{"id":300,"date":"2016-07-07T11:38:24","date_gmt":"2016-07-07T09:38:24","guid":{"rendered":"http:\/\/www.lots4kids.nl\/schoudersvoorelkaar\/?page_id=300"},"modified":"2017-07-05T09:58:39","modified_gmt":"2017-07-05T07:58:39","slug":"artikelen","status":"publish","type":"page","link":"https:\/\/www.lots4kids.nl\/schoudersvoorelkaar\/?page_id=300","title":{"rendered":"Artikelen"},"content":{"rendered":"<p><span style=\"font-size: 12pt;\">Column geschreven door Barbara Piskur op ouderscentraal.nl:<\/span><\/p>\n<p><span style=\"font-size: 12pt;\"><a href=\"https:\/\/www.ouderscentraal.nl\/minder-en-meer-ouders\/\" target=\"_blank\" rel=\"noopener noreferrer\">Doe minder v\u00f3\u00f3r en meer m\u00e9t ouders<\/a><\/span><\/p>\n<p><span style=\"font-size: 12pt;\">Artikel geschreven door Barbara Piskur op ouderscentraal.nl:<\/span><\/p>\n<p><span style=\"font-size: 12pt;\"><a href=\"https:\/\/www.ouderscentraal.nl\/tools-om-tot-collectieve-ervaringskennis-komen\/\" target=\"_blank\" rel=\"noopener noreferrer\">Handzame tools om tot collectieve ervaringskennis te komen<\/a><\/span><\/p>\n","protected":false},"excerpt":{"rendered":"<p>Column geschreven door Barbara Piskur op ouderscentraal.nl: Doe minder v\u00f3\u00f3r en meer m\u00e9t ouders Artikel geschreven door Barbara Piskur op ouderscentraal.nl: Handzame tools om tot collectieve ervaringskennis te komen<\/p>\n","protected":false},"author":3329,"featured_media":0,"parent":440,"menu_order":0,"comment_status":"closed","ping_status":"closed","template":"","meta":{"footnotes":""},"class_list":["post-300","page","type-page","status-publish","hentry"],"aioseo_notices":[],"_links":{"self":[{"href":"https:\/\/www.lots4kids.nl\/schoudersvoorelkaar\/index.php?rest_route=\/wp\/v2\/pages\/300","targetHints":{"allow":["GET"]}}],"collection":[{"href":"https:\/\/www.lots4kids.nl\/schoudersvoorelkaar\/index.php?rest_route=\/wp\/v2\/pages"}],"about":[{"href":"https:\/\/www.lots4kids.nl\/schoudersvoorelkaar\/index.php?rest_route=\/wp\/v2\/types\/page"}],"author":[{"embeddable":true,"href":"https:\/\/www.lots4kids.nl\/schoudersvoorelkaar\/index.php?rest_route=\/wp\/v2\/users\/3329"}],"replies":[{"embeddable":true,"href":"https:\/\/www.lots4kids.nl\/schoudersvoorelkaar\/index.php?rest_route=%2Fwp%2Fv2%2Fcomments&post=300"}],"version-history":[{"count":4,"href":"https:\/\/www.lots4kids.nl\/schoudersvoorelkaar\/index.php?rest_route=\/wp\/v2\/pages\/300\/revisions"}],"predecessor-version":[{"id":681,"href":"https:\/\/www.lots4kids.nl\/schoudersvoorelkaar\/index.php?rest_route=\/wp\/v2\/pages\/300\/revisions\/681"}],"up":[{"embeddable":true,"href":"https:\/\/www.lots4kids.nl\/schoudersvoorelkaar\/index.php?rest_route=\/wp\/v2\/pages\/440"}],"wp:attachment":[{"href":"https:\/\/www.lots4kids.nl\/schoudersvoorelkaar\/index.php?rest_route=%2Fwp%2Fv2%2Fmedia&parent=300"}],"curies":[{"name":"wp","href":"https:\/\/api.w.org\/{rel}","templated":true}]}}